{"id":912,"date":"2025-05-30T10:53:12","date_gmt":"2025-05-30T08:53:12","guid":{"rendered":"https:\/\/ipmr-nevers.fr\/?page_id=912"},"modified":"2026-01-16T17:59:32","modified_gmt":"2026-01-16T16:59:32","slug":"psychomot-2","status":"publish","type":"page","link":"https:\/\/ipmr-nevers.fr\/?page_id=912","title":{"rendered":"Psychomotricien"},"content":{"rendered":"<p>[et_pb_section fb_built=\u00a0\u00bb1&Prime; admin_label=\u00a0\u00bbHeader\u00a0\u00bb _builder_version=\u00a0\u00bb4.22.1&Prime; _module_preset=\u00a0\u00bbdefault\u00a0\u00bb use_background_color_gradient=\u00a0\u00bbon\u00a0\u00bb background_color_gradient_stops=\u00a0\u00bbrgba(42,47,49,0.7) 0%|#000000 100%\u00a0\u00bb background_color_gradient_overlays_image=\u00a0\u00bbon\u00a0\u00bb background_image=\u00a0\u00bbhttps:\/\/ipmr-nevers.fr\/wp-content\/uploads\/2025\/05\/online-university-21.jpg\u00a0\u00bb collapsed=\u00a0\u00bbon\u00a0\u00bb global_colors_info=\u00a0\u00bb{}\u00a0\u00bb][et_pb_row column_structure=\u00a0\u00bb2_3,1_3&Prime; _builder_version=\u00a0\u00bb4.19.2&Prime; _module_preset=\u00a0\u00bbdefault\u00a0\u00bb global_colors_info=\u00a0\u00bb{}\u00a0\u00bb][et_pb_column type=\u00a0\u00bb2_3&Prime; _builder_version=\u00a0\u00bb4.19.2&Prime; _module_preset=\u00a0\u00bbdefault\u00a0\u00bb global_colors_info=\u00a0\u00bb{}\u00a0\u00bb][et_pb_text _builder_version=\u00a0\u00bb4.19.2&Prime; _module_preset=\u00a0\u00bb9a1f62e2-44fb-4911-9995-1afe96cdfead\u00a0\u00bb header_text_color=\u00a0\u00bb#FFFFFF\u00a0\u00bb custom_margin=\u00a0\u00bb||10px||false|false\u00a0\u00bb global_colors_info=\u00a0\u00bb{}\u00a0\u00bb]<\/p>\n<h1>Psychomotricien<\/h1>\n<p>[\/et_pb_text][et_pb_text _builder_version=\u00a0\u00bb4.19.2&Prime; _module_preset=\u00a0\u00bbb88d2907-1f4c-4e5f-81ef-c82312e5b343&Prime; text_text_color=\u00a0\u00bb#FFFFFF\u00a0\u00bb global_colors_info=\u00a0\u00bb{}\u00a0\u00bb]<\/p>\n<p class=\"p1\"><b>L\u2019Institut de Formation en Psychomotricit\u00e9 de Nevers<\/b><b><\/b><\/p>\n<p class=\"p2\">Ouvert en <span class=\"s1\"><b>septembre 2022<\/b><\/span>, l\u2019Institut forme les futurs psychomotriciens selon le cadre r\u00e9glementaire d\u00e9fini par <span class=\"s1\"><b>l\u2019arr\u00eat\u00e9 du 7 avril 1998 modifi\u00e9<\/b><\/span>, qui r\u00e9git les \u00e9tudes pr\u00e9paratoires au <span class=\"s1\"><b>Dipl\u00f4me d\u2019\u00c9tat de psychomotricien<\/b><\/span>.<\/p>\n<p>[\/et_pb_text][et_pb_text _builder_version=\u00a0\u00bb4.19.2&Prime; _module_preset=\u00a0\u00bbb88d2907-1f4c-4e5f-81ef-c82312e5b343&Prime; text_text_color=\u00a0\u00bb#FFFFFF\u00a0\u00bb global_colors_info=\u00a0\u00bb{}\u00a0\u00bb]<\/p>\n<p class=\"p1\"><b>L\u2019Institut de Formation en Psychomotricit\u00e9 de Nevers<\/b><b><\/b><\/p>\n<p class=\"p2\">Ouvert en <span class=\"s1\"><b>septembre 2022<\/b><\/span>, l\u2019Institut forme les futurs psychomotriciens selon le cadre r\u00e9glementaire d\u00e9fini par <span class=\"s1\"><b>l\u2019arr\u00eat\u00e9 du 7 avril 1998 modifi\u00e9<\/b><\/span>, qui r\u00e9git les \u00e9tudes pr\u00e9paratoires au <span class=\"s1\"><b>Dipl\u00f4me d\u2019\u00c9tat de psychomotricien<\/b><\/span>.<\/p>\n<p>[\/et_pb_text][\/et_pb_column][et_pb_column type=\u00a0\u00bb1_3&Prime; _builder_version=\u00a0\u00bb4.19.2&Prime; _module_preset=\u00a0\u00bbdefault\u00a0\u00bb global_colors_info=\u00a0\u00bb{}\u00a0\u00bb][\/et_pb_column][\/et_pb_row][\/et_pb_section][et_pb_section fb_built=\u00a0\u00bb1&Prime; admin_label=\u00a0\u00bbCall to Action\u00a0\u00bb _builder_version=\u00a0\u00bb4.22.1&Prime; _module_preset=\u00a0\u00bbdefault\u00a0\u00bb background_color=\u00a0\u00bb#000000&Prime; use_background_color_gradient=\u00a0\u00bbon\u00a0\u00bb background_color_gradient_direction=\u00a0\u00bb90deg\u00a0\u00bb background_color_gradient_stops=\u00a0\u00bbgcid-18a7d06a-1ed9-4e8b-bef0-ea365f6c384a 50%|#000000 50%\u00a0\u00bb custom_padding=\u00a0\u00bb0px||0px||true|false\u00a0\u00bb background_last_edited=\u00a0\u00bbon|desktop\u00a0\u00bb use_background_color_gradient_tablet=\u00a0\u00bboff\u00a0\u00bb locked=\u00a0\u00bboff\u00a0\u00bb collapsed=\u00a0\u00bbon\u00a0\u00bb global_colors_info=\u00a0\u00bb{}\u00a0\u00bb][et_pb_row column_structure=\u00a0\u00bb1_3,2_3&Prime; use_custom_gutter=\u00a0\u00bbon\u00a0\u00bb gutter_width=\u00a0\u00bb1&Prime; make_equal=\u00a0\u00bbon\u00a0\u00bb _builder_version=\u00a0\u00bb4.21.0&Prime; _module_preset=\u00a0\u00bbdefault\u00a0\u00bb custom_padding=\u00a0\u00bb0px||0px||true|false\u00a0\u00bb global_colors_info=\u00a0\u00bb{}\u00a0\u00bb][et_pb_column type=\u00a0\u00bb1_3&Prime; _builder_version=\u00a0\u00bb4.19.1&Prime; _module_preset=\u00a0\u00bbdefault\u00a0\u00bb global_colors_info=\u00a0\u00bb{}\u00a0\u00bb][et_pb_image src=\u00a0\u00bbhttps:\/\/ipmr-nevers.fr\/wp-content\/uploads\/2025\/05\/image-etudiant-.png\u00a0\u00bb title_text=\u00a0\u00bbimage etudiant\u00a0\u00bb _builder_version=\u00a0\u00bb4.27.4&Prime; _module_preset=\u00a0\u00bbdefault\u00a0\u00bb custom_margin=\u00a0\u00bb|||-30vw|false|false\u00a0\u00bb custom_margin_tablet=\u00a0\u00bb||30px|0vw|false|false\u00a0\u00bb custom_margin_phone=\u00a0\u00bb||30px|0vw|false|false\u00a0\u00bb custom_margin_last_edited=\u00a0\u00bbon|desktop\u00a0\u00bb border_radii=\u00a0\u00bboff|||30px|\u00a0\u00bb global_colors_info=\u00a0\u00bb{}\u00a0\u00bb][\/et_pb_image][\/et_pb_column][et_pb_column type=\u00a0\u00bb2_3&Prime; _builder_version=\u00a0\u00bb4.21.0&Prime; _module_preset=\u00a0\u00bbdefault\u00a0\u00bb background_color=\u00a0\u00bbgcid-18a7d06a-1ed9-4e8b-bef0-ea365f6c384a\u00a0\u00bb custom_padding=\u00a0\u00bb60px|60px|60px|60px|true|true\u00a0\u00bb custom_padding_tablet=\u00a0\u00bb30px|30px|30px|30px|true|true\u00a0\u00bb custom_padding_phone=\u00a0\u00bb20px|20px|20px|20px|true|true\u00a0\u00bb custom_padding_last_edited=\u00a0\u00bbon|tablet\u00a0\u00bb border_radii=\u00a0\u00bboff||30px||\u00a0\u00bb global_colors_info=\u00a0\u00bb{%22gcid-18a7d06a-1ed9-4e8b-bef0-ea365f6c384a%22:%91%22background_color%22%93}\u00a0\u00bb][et_pb_text _builder_version=\u00a0\u00bb4.21.0&Prime; _module_preset=\u00a0\u00bbb8d34ae6-77a4-41f2-8b34-c1495d953fb6&Prime; global_colors_info=\u00a0\u00bb{}\u00a0\u00bb]<\/p>\n<h3><b>Capacit\u00e9 d\u2019accueil<\/b><\/h3>\n<p>[\/et_pb_text][et_pb_text _builder_version=\u00a0\u00bb4.27.4&Prime; _module_preset=\u00a0\u00bbb88d2907-1f4c-4e5f-81ef-c82312e5b343&Prime; custom_margin=\u00a0\u00bb||30px||false|false\u00a0\u00bb global_colors_info=\u00a0\u00bb{}\u00a0\u00bb]<\/p>\n<p class=\"p3\">L\u2019institut propose :<span class=\"s1\"><\/span><\/p>\n<ul>\n<li>\n<p class=\"p1\"><span class=\"s1\"><b>20 places<\/b><\/span> accessibles aux candidats de <span class=\"s1\"><b>droit commun<\/b><\/span>, via une <span class=\"s1\"><b>s\u00e9lection sur dossier<\/b><\/span> sur la plateforme <span class=\"s1\"><b>Parcoursup<\/b><\/span>.<\/p>\n<\/li>\n<\/ul>\n<p>&nbsp;<\/p>\n<h4><b>Taux de r\u00e9ussite aux jurys finaux :<\/b><\/h4>\n<ul>\n<li><b>2025 :\u00a0<\/b>12 diplom\u00e9s \/ 15 pr\u00e9sent\u00e9s\u201480%<\/li>\n<\/ul>\n<p>&nbsp;<\/p>\n<p>[\/et_pb_text][et_pb_text _builder_version=\u00a0\u00bb4.27.4&Prime; _module_preset=\u00a0\u00bbdefault\u00a0\u00bb global_colors_info=\u00a0\u00bb{}\u00a0\u00bb]<\/p>\n<h2 class=\"p1\">Consultez le r\u00e9f\u00e9rentiel de la formation en psychomotricit\u00e9 sur le site de France Comp\u00e9tences.<\/h2>\n<p>[\/et_pb_text][et_pb_button button_url=\u00a0\u00bbhttps:\/\/www.francecompetences.fr\/recherche\/rncp\/39924\/\u00a0\u00bb button_text=\u00a0\u00bbreferentiel\u00a0\u00bb button_alignment=\u00a0\u00bbcenter\u00a0\u00bb button_alignment_tablet=\u00a0\u00bbleft\u00a0\u00bb button_alignment_phone=\u00a0\u00bbleft\u00a0\u00bb button_alignment_last_edited=\u00a0\u00bbon|desktop\u00a0\u00bb _builder_version=\u00a0\u00bb4.27.4&Prime; _module_preset=\u00a0\u00bb8f978a21-72ed-4010-bdae-6f5739fff8e9&Prime; box_shadow_style=\u00a0\u00bbpreset6&Prime; locked=\u00a0\u00bboff\u00a0\u00bb global_colors_info=\u00a0\u00bb{}\u00a0\u00bb][\/et_pb_button][\/et_pb_column][\/et_pb_row][\/et_pb_section][et_pb_section fb_built=\u00a0\u00bb1&Prime; _builder_version=\u00a0\u00bb4.27.4&Prime; _module_preset=\u00a0\u00bbdefault\u00a0\u00bb global_colors_info=\u00a0\u00bb{}\u00a0\u00bb][et_pb_row column_structure=\u00a0\u00bb1_2,1_2&Prime; _builder_version=\u00a0\u00bb4.27.4&Prime; _module_preset=\u00a0\u00bbdefault\u00a0\u00bb global_colors_info=\u00a0\u00bb{}\u00a0\u00bb][et_pb_column type=\u00a0\u00bb1_2&Prime; _builder_version=\u00a0\u00bb4.27.4&Prime; _module_preset=\u00a0\u00bbdefault\u00a0\u00bb global_colors_info=\u00a0\u00bb{}\u00a0\u00bb][et_pb_pricing_tables show_bullet=\u00a0\u00bboff\u00a0\u00bb _builder_version=\u00a0\u00bb4.27.4&Prime; _module_preset=\u00a0\u00bbdefault\u00a0\u00bb global_colors_info=\u00a0\u00bb{}\u00a0\u00bb][et_pb_pricing_table featured=\u00a0\u00bbon\u00a0\u00bb title=\u00a0\u00bbtarifs de la formation \u00a0\u00bb subtitle=\u00a0\u00bbHors redoublement \u00a0\u00bb currency=\u00a0\u00bb\u20ac\u00a0\u00bb sum=\u00a0\u00bb25 950&Prime; _builder_version=\u00a0\u00bb4.27.4&Prime; _module_preset=\u00a0\u00bbdefault\u00a0\u00bb global_colors_info=\u00a0\u00bb{}\u00a0\u00bb sticky_transition=\u00a0\u00bbon\u00a0\u00bb]<\/p>\n<p><span>Ann\u00e9e 1 : 8 650 \u20ac<\/span><br \/><span>Ann\u00e9e 2 : 8 650 \u20ac<\/span><br \/><span>Ann\u00e9e 3 : 8 650<\/span><span>\u20ac<\/span><\/p>\n<p>[\/et_pb_pricing_table][\/et_pb_pricing_tables][\/et_pb_column][et_pb_column type=\u00a0\u00bb1_2&Prime; _builder_version=\u00a0\u00bb4.27.4&Prime; _module_preset=\u00a0\u00bbdefault\u00a0\u00bb global_colors_info=\u00a0\u00bb{}\u00a0\u00bb][et_pb_pricing_tables show_bullet=\u00a0\u00bboff\u00a0\u00bb _builder_version=\u00a0\u00bb4.27.4&Prime; _module_preset=\u00a0\u00bbdefault\u00a0\u00bb global_colors_info=\u00a0\u00bb{}\u00a0\u00bb][et_pb_pricing_table featured=\u00a0\u00bbon\u00a0\u00bb title=\u00a0\u00bbtaris de la formation \u00a0\u00bb subtitle=\u00a0\u00bbPar apprentissage \u00a0\u00bb currency=\u00a0\u00bb\u20ac\u00a0\u00bb sum=\u00a0\u00bb8650&Prime; _builder_version=\u00a0\u00bb4.27.4&Prime; _module_preset=\u00a0\u00bbdefault\u00a0\u00bb global_colors_info=\u00a0\u00bb{}\u00a0\u00bb sticky_transition=\u00a0\u00bbon\u00a0\u00bb]<\/p>\n<p><span>Ann\u00e9e 1 : 8 650 \u20ac<\/span><br \/><span>Ann\u00e9e 2 : 0 \u20ac<\/span><br \/><span>Ann\u00e9e 3 : 0<\/span><span>\u20ac<\/span><\/p>\n<p>[\/et_pb_pricing_table][\/et_pb_pricing_tables][\/et_pb_column][\/et_pb_row][\/et_pb_section][et_pb_section fb_built=\u00a0\u00bb1&Prime; admin_label=\u00a0\u00bbApply\u00a0\u00bb _builder_version=\u00a0\u00bb4.19.2&Prime; _module_preset=\u00a0\u00bbdefault\u00a0\u00bb collapsed=\u00a0\u00bbon\u00a0\u00bb global_colors_info=\u00a0\u00bb{}\u00a0\u00bb][et_pb_row _builder_version=\u00a0\u00bb4.19.2&Prime; _module_preset=\u00a0\u00bbdefault\u00a0\u00bb global_colors_info=\u00a0\u00bb{}\u00a0\u00bb][et_pb_column type=\u00a0\u00bb4_4&Prime; _builder_version=\u00a0\u00bb4.19.2&Prime; _module_preset=\u00a0\u00bbdefault\u00a0\u00bb global_colors_info=\u00a0\u00bb{}\u00a0\u00bb][et_pb_text _builder_version=\u00a0\u00bb4.19.2&Prime; _module_preset=\u00a0\u00bbb8d34ae6-77a4-41f2-8b34-c1495d953fb6&Prime; text_orientation=\u00a0\u00bbcenter\u00a0\u00bb text_orientation_tablet=\u00a0\u00bbleft\u00a0\u00bb text_orientation_phone=\u00a0\u00bbleft\u00a0\u00bb text_orientation_last_edited=\u00a0\u00bbon|tablet\u00a0\u00bb global_colors_info=\u00a0\u00bb{}\u00a0\u00bb]<\/p>\n<h2>Admissions<\/h2>\n<p>[\/et_pb_text][\/et_pb_column][\/et_pb_row][et_pb_row _builder_version=\u00a0\u00bb4.19.2&Prime; _module_preset=\u00a0\u00bbdefault\u00a0\u00bb custom_padding=\u00a0\u00bb||10px||false|false\u00a0\u00bb global_colors_info=\u00a0\u00bb{}\u00a0\u00bb][et_pb_column type=\u00a0\u00bb4_4&Prime; _builder_version=\u00a0\u00bb4.19.2&Prime; _module_preset=\u00a0\u00bbdefault\u00a0\u00bb global_colors_info=\u00a0\u00bb{}\u00a0\u00bb][et_pb_text _builder_version=\u00a0\u00bb4.27.4&Prime; _module_preset=\u00a0\u00bb6ad2c415-8ae7-435f-bfe2-0310548b6652&Prime; global_colors_info=\u00a0\u00bb{}\u00a0\u00bb]<\/p>\n<h3><b>candidats de droit commun<\/b>\u00a0<\/h3>\n<p>[\/et_pb_text][\/et_pb_column][\/et_pb_row][et_pb_row column_structure=\u00a0\u00bb3_4,1_4&Prime; _builder_version=\u00a0\u00bb4.19.2&Prime; _module_preset=\u00a0\u00bbdefault\u00a0\u00bb custom_padding=\u00a0\u00bb0px||||false|false\u00a0\u00bb border_color_all=\u00a0\u00bb#000000&Prime; border_width_bottom=\u00a0\u00bb1px\u00a0\u00bb global_colors_info=\u00a0\u00bb{}\u00a0\u00bb][et_pb_column type=\u00a0\u00bb3_4&Prime; _builder_version=\u00a0\u00bb4.19.2&Prime; _module_preset=\u00a0\u00bbdefault\u00a0\u00bb global_colors_info=\u00a0\u00bb{}\u00a0\u00bb][et_pb_text _builder_version=\u00a0\u00bb4.19.2&Prime; _module_preset=\u00a0\u00bbb88d2907-1f4c-4e5f-81ef-c82312e5b343&Prime; global_colors_info=\u00a0\u00bb{}\u00a0\u00bb]<\/p>\n<p class=\"p1\">Les candidatures se font via la plateforme <span class=\"s1\"><b>Parcoursup<\/b><\/span>, selon le calendrier suivant :<span class=\"s2\"><\/span><\/p>\n<ul>\n<li>\n<p class=\"p1\"><b>Du lundi 19 janvier au jeudi 12 mars 2026 inclus<\/b><span class=\"s1\"> : formulation des v\u0153ux<\/span><\/p>\n<\/li>\n<li>\n<p class=\"p1\"><b>Du\u00a0 vendredi 13 mars au mercredi 1er avril 2026 inclus<\/b><span class=\"s1\"> : finalisation du dossier et <\/span><b>confirmation des v\u0153ux<\/b><span class=\"s1\">, avec le <\/span><b>paiement des frais d\u2019inscription (80 \u20ac)<\/b><\/p>\n<\/li>\n<li>\n<p class=\"p1\"><span class=\"s1\"><b>Du mardi 2 juin au samedi 11 juillet 2026<\/b><\/span> : phase principale d\u2019admission<\/p>\n<\/li>\n<\/ul>\n<p>&nbsp;<\/p>\n<p>[\/et_pb_text][\/et_pb_column][et_pb_column type=\u00a0\u00bb1_4&Prime; _builder_version=\u00a0\u00bb4.19.2&Prime; _module_preset=\u00a0\u00bbdefault\u00a0\u00bb global_colors_info=\u00a0\u00bb{}\u00a0\u00bb][\/et_pb_column][\/et_pb_row][et_pb_row _builder_version=\u00a0\u00bb4.19.2&Prime; _module_preset=\u00a0\u00bbdefault\u00a0\u00bb custom_padding=\u00a0\u00bb||10px||false|false\u00a0\u00bb global_colors_info=\u00a0\u00bb{}\u00a0\u00bb][et_pb_column type=\u00a0\u00bb4_4&Prime; _builder_version=\u00a0\u00bb4.19.2&Prime; _module_preset=\u00a0\u00bbdefault\u00a0\u00bb global_colors_info=\u00a0\u00bb{}\u00a0\u00bb][et_pb_text _builder_version=\u00a0\u00bb4.27.4&Prime; _module_preset=\u00a0\u00bb6ad2c415-8ae7-435f-bfe2-0310548b6652&Prime; global_colors_info=\u00a0\u00bb{}\u00a0\u00bb]<\/p>\n<h3><b>Acc\u00e8s direct en deuxi\u00e8me ann\u00e9e \u2013 Candidats dispens\u00e9s de la premi\u00e8re ann\u00e9e<\/b><\/h3>\n<p>[\/et_pb_text][\/et_pb_column][\/et_pb_row][et_pb_row column_structure=\u00a0\u00bb3_4,1_4&Prime; _builder_version=\u00a0\u00bb4.19.2&Prime; _module_preset=\u00a0\u00bbdefault\u00a0\u00bb custom_padding=\u00a0\u00bb0px||||false|false\u00a0\u00bb border_color_all=\u00a0\u00bb#000000&Prime; border_width_bottom=\u00a0\u00bb1px\u00a0\u00bb global_colors_info=\u00a0\u00bb{}\u00a0\u00bb][et_pb_column type=\u00a0\u00bb3_4&Prime; _builder_version=\u00a0\u00bb4.19.2&Prime; _module_preset=\u00a0\u00bbdefault\u00a0\u00bb global_colors_info=\u00a0\u00bb{}\u00a0\u00bb][et_pb_text _builder_version=\u00a0\u00bb4.19.2&Prime; _module_preset=\u00a0\u00bbb88d2907-1f4c-4e5f-81ef-c82312e5b343&Prime; global_colors_info=\u00a0\u00bb{}\u00a0\u00bb]<\/p>\n<p class=\"p1\">Conform\u00e9ment aux <span class=\"s1\"><b>articles 25 et 26 de l\u2019arr\u00eat\u00e9 du 7 avril 1998 modifi\u00e9<\/b><\/span>, certaines personnes peuvent \u00eatre <span class=\"s1\"><b>dispens\u00e9es de la premi\u00e8re ann\u00e9e<\/b><\/span> du cursus pr\u00e9paratoire au Dipl\u00f4me d\u2019\u00c9tat de psychomotricien.<\/p>\n<h4><b>Dipl\u00f4mes ouvrant droit \u00e0 une dispense :<\/b><\/h4>\n<p class=\"p1\">Les candidats titulaires de l\u2019un des dipl\u00f4mes suivants peuvent acc\u00e9der directement en deuxi\u00e8me ann\u00e9e :<span class=\"s2\"><\/span><\/p>\n<ul>\n<li>\n<p class=\"p1\">Premier cycle valid\u00e9 des \u00e9tudes m\u00e9dicales<\/p>\n<\/li>\n<li>\n<p class=\"p1\">Licence ou ma\u00eetrise de psychologie<\/p>\n<\/li>\n<li>\n<p class=\"p1\">Dipl\u00f4me d\u2019\u00c9tat d\u2019ergoth\u00e9rapeute<\/p>\n<\/li>\n<li>\n<p class=\"p1\">Dipl\u00f4me d\u2019\u00c9tat d\u2019infirmier \/ Infirmier de secteur psychiatrique<\/p>\n<\/li>\n<li>\n<p class=\"p1\">Dipl\u00f4me d\u2019\u00c9tat de masseur-kin\u00e9sith\u00e9rapeute<\/p>\n<\/li>\n<li>\n<p class=\"p1\">Dipl\u00f4me d\u2019\u00c9tat d\u2019\u00e9ducateur sp\u00e9cialis\u00e9<\/p>\n<\/li>\n<li>\n<p class=\"p1\">Certificat de capacit\u00e9 en orthophonie<\/p>\n<\/li>\n<li>\n<p class=\"p1\">Certificat d\u2019aptitude \u00e0 l\u2019\u00e9ducation des enfants\/adolescents d\u00e9ficients ou inadapt\u00e9s<\/p>\n<\/li>\n<li>\n<p class=\"p1\">Licence STAPS (Sciences et Techniques des Activit\u00e9s Physiques et Sportives)<\/p>\n<\/li>\n<li>\n<p class=\"p1\">Dipl\u00f4mes mentionn\u00e9s aux articles A. 212-2 et D. 212-35 du Code du sport<\/p>\n<\/li>\n<li>\n<p class=\"p1\">Ma\u00eetrise d\u2019\u00e9ducation physique<\/p>\n<\/li>\n<li>\n<p class=\"p1\">Certificat de capacit\u00e9 d\u2019orthoptiste<\/p>\n<\/li>\n<\/ul>\n<p class=\"p1\">\u26a0\ufe0f <span class=\"s1\"><b>Important<\/b><\/span> : Les candidats en cours d\u2019obtention de l\u2019un de ces dipl\u00f4mes ne pourront \u00eatre admis que s\u2019ils sont en mesure de <span class=\"s1\"><b>fournir leur justificatif au plus tard le 20 mars 2026<\/b><\/span>.<\/p>\n<h3><b>Calendrier de la s\u00e9lection \u2013 Rentr\u00e9e 2026<\/b><\/h3>\n<ul>\n<li>\n<p class=\"p1\"><span class=\"s1\"><b>Vendredi 20 mars 2026<\/b><\/span> : date limite de <span class=\"s1\"><b>r\u00e9ception du dossier de candidature<\/b><\/span> (cachet de La Poste faisant foi)<\/p>\n<\/li>\n<li>\n<p class=\"p1\"><b>Lundi 4 et mardi 5 mai 2026<\/b><span class=\"s1\"> : <\/span><b>\u00e9preuves de s\u00e9lection<\/b><\/p>\n<\/li>\n<li>\n<p class=\"p1\"><b>Lundi 1er juin 2026 : <\/b>Affichage \u00e0 l\u2019Institut et sur ce site et envoi individuel des r\u00e9sultats par e-mail<\/p>\n<\/li>\n<\/ul>\n<p>[\/et_pb_text][\/et_pb_column][et_pb_column type=\u00a0\u00bb1_4&Prime; _builder_version=\u00a0\u00bb4.19.2&Prime; _module_preset=\u00a0\u00bbdefault\u00a0\u00bb global_colors_info=\u00a0\u00bb{}\u00a0\u00bb][et_pb_button button_url=\u00a0\u00bbhttps:\/\/ipmr-nevers.fr\/wp-content\/uploads\/2026\/01\/Dossier-IFPN-concours.pdf\u00a0\u00bb button_text=\u00a0\u00bbDossier 2026&Prime; button_alignment=\u00a0\u00bbright\u00a0\u00bb button_alignment_tablet=\u00a0\u00bbleft\u00a0\u00bb button_alignment_phone=\u00a0\u00bbleft\u00a0\u00bb button_alignment_last_edited=\u00a0\u00bbon|desktop\u00a0\u00bb _builder_version=\u00a0\u00bb4.27.4&Prime; _module_preset=\u00a0\u00bb8f978a21-72ed-4010-bdae-6f5739fff8e9&Prime; hover_enabled=\u00a0\u00bb0&Prime; box_shadow_style=\u00a0\u00bbpreset6&Prime; global_colors_info=\u00a0\u00bb{}\u00a0\u00bb sticky_enabled=\u00a0\u00bb0&Prime;][\/et_pb_button][\/et_pb_column][\/et_pb_row][\/et_pb_section][et_pb_section fb_built=\u00a0\u00bb1&Prime; admin_label=\u00a0\u00bbFeatures\u00a0\u00bb _builder_version=\u00a0\u00bb4.19.2&Prime; _module_preset=\u00a0\u00bbdefault\u00a0\u00bb collapsed=\u00a0\u00bbon\u00a0\u00bb global_colors_info=\u00a0\u00bb{}\u00a0\u00bb][\/et_pb_section][et_pb_section fb_built=\u00a0\u00bb1&Prime; admin_label=\u00a0\u00bbCall to Action\u00a0\u00bb _builder_version=\u00a0\u00bb4.19.2&Prime; _module_preset=\u00a0\u00bbdefault\u00a0\u00bb background_color=\u00a0\u00bbgcid-a9d8e14e-2f78-408a-a83c-506939196b52&Prime; custom_padding=\u00a0\u00bb||0px||false|false\u00a0\u00bb saved_tabs=\u00a0\u00bball\u00a0\u00bb collapsed=\u00a0\u00bbon\u00a0\u00bb global_colors_info=\u00a0\u00bb{%22gcid-a9d8e14e-2f78-408a-a83c-506939196b52%22:%91%22background_color%22%93}\u00a0\u00bb][\/et_pb_section]<\/p>\n","protected":false},"excerpt":{"rendered":"<p>PsychomotricienL\u2019Institut de Formation en Psychomotricit\u00e9 de Nevers Ouvert en septembre 2022, l\u2019Institut forme les futurs psychomotriciens selon le cadre r\u00e9glementaire d\u00e9fini par l\u2019arr\u00eat\u00e9 du 7 avril 1998 modifi\u00e9, qui r\u00e9git les \u00e9tudes pr\u00e9paratoires au Dipl\u00f4me d\u2019\u00c9tat de psychomotricien.L\u2019Institut de Formation en Psychomotricit\u00e9 de Nevers Ouvert en septembre 2022, l\u2019Institut forme les futurs psychomotriciens selon le [&hellip;]<\/p>\n","protected":false},"author":1,"featured_media":0,"parent":0,"menu_order":0,"comment_status":"closed","ping_status":"closed","template":"","meta":{"_et_pb_use_builder":"on","_et_pb_old_content":"","_et_gb_content_width":"","footnotes":""},"class_list":["post-912","page","type-page","status-publish","hentry"],"_links":{"self":[{"href":"https:\/\/ipmr-nevers.fr\/index.php?rest_route=\/wp\/v2\/pages\/912","targetHints":{"allow":["GET"]}}],"collection":[{"href":"https:\/\/ipmr-nevers.fr\/index.php?rest_route=\/wp\/v2\/pages"}],"about":[{"href":"https:\/\/ipmr-nevers.fr\/index.php?rest_route=\/wp\/v2\/types\/page"}],"author":[{"embeddable":true,"href":"https:\/\/ipmr-nevers.fr\/index.php?rest_route=\/wp\/v2\/users\/1"}],"replies":[{"embeddable":true,"href":"https:\/\/ipmr-nevers.fr\/index.php?rest_route=%2Fwp%2Fv2%2Fcomments&post=912"}],"version-history":[{"count":14,"href":"https:\/\/ipmr-nevers.fr\/index.php?rest_route=\/wp\/v2\/pages\/912\/revisions"}],"predecessor-version":[{"id":1157,"href":"https:\/\/ipmr-nevers.fr\/index.php?rest_route=\/wp\/v2\/pages\/912\/revisions\/1157"}],"wp:attachment":[{"href":"https:\/\/ipmr-nevers.fr\/index.php?rest_route=%2Fwp%2Fv2%2Fmedia&parent=912"}],"curies":[{"name":"wp","href":"https:\/\/api.w.org\/{rel}","templated":true}]}}