{"id":834,"date":"2025-05-30T10:53:00","date_gmt":"2025-05-30T08:53:00","guid":{"rendered":"https:\/\/ipmr-nevers.fr\/?page_id=834"},"modified":"2026-02-25T17:16:25","modified_gmt":"2026-02-25T16:16:25","slug":"ergo-3","status":"publish","type":"page","link":"https:\/\/ipmr-nevers.fr\/?page_id=834","title":{"rendered":"IFEN"},"content":{"rendered":"<p>[et_pb_section fb_built=\u00a0\u00bb1&Prime; admin_label=\u00a0\u00bbHeader\u00a0\u00bb _builder_version=\u00a0\u00bb4.22.1&Prime; _module_preset=\u00a0\u00bbdefault\u00a0\u00bb use_background_color_gradient=\u00a0\u00bbon\u00a0\u00bb background_color_gradient_stops=\u00a0\u00bbrgba(42,47,49,0.7) 0%|#000000 100%\u00a0\u00bb background_color_gradient_overlays_image=\u00a0\u00bbon\u00a0\u00bb background_image=\u00a0\u00bbhttps:\/\/ipmr-nevers.fr\/wp-content\/uploads\/2025\/05\/online-university-21.jpg\u00a0\u00bb collapsed=\u00a0\u00bbon\u00a0\u00bb global_colors_info=\u00a0\u00bb{}\u00a0\u00bb][et_pb_row column_structure=\u00a0\u00bb2_3,1_3&Prime; _builder_version=\u00a0\u00bb4.19.2&Prime; _module_preset=\u00a0\u00bbdefault\u00a0\u00bb global_colors_info=\u00a0\u00bb{}\u00a0\u00bb][et_pb_column type=\u00a0\u00bb2_3&Prime; _builder_version=\u00a0\u00bb4.19.2&Prime; _module_preset=\u00a0\u00bbdefault\u00a0\u00bb global_colors_info=\u00a0\u00bb{}\u00a0\u00bb][et_pb_text _builder_version=\u00a0\u00bb4.19.2&Prime; _module_preset=\u00a0\u00bb996826be-8284-4ab2-96da-b0c72564b7d2&Prime; header_text_color=\u00a0\u00bb#FFFFFF\u00a0\u00bb custom_margin=\u00a0\u00bb||10px||false|false\u00a0\u00bb global_colors_info=\u00a0\u00bb{}\u00a0\u00bb]<\/p>\n<h1>Ergoth\u00e9rapie\u00a0<\/h1>\n<p>[\/et_pb_text][et_pb_text _builder_version=\u00a0\u00bb4.19.2&Prime; _module_preset=\u00a0\u00bbc903306f-430d-4693-ae9b-97c228d83fe6&Prime; text_text_color=\u00a0\u00bb#FFFFFF\u00a0\u00bb global_colors_info=\u00a0\u00bb{}\u00a0\u00bb]<\/p>\n<p class=\"p1\"><span class=\"s1\"><b>L\u2019Institut de Formation en Ergoth\u00e9rapie de Nevers (IFEN)<\/b><\/span> a ouvert ses portes en septembre 2017. Il s\u2019agit de la premi\u00e8re formation mise en place par l\u2019Institut Param\u00e9dical des M\u00e9tiers de la R\u00e9\u00e9ducation (IPMR) de Nevers, marquant le d\u00e9but de notre engagement dans le d\u00e9veloppement d\u2019un p\u00f4le de formation param\u00e9dical d\u2019excellence.<\/p>\n<p>[\/et_pb_text][\/et_pb_column][et_pb_column type=\u00a0\u00bb1_3&Prime; _builder_version=\u00a0\u00bb4.19.2&Prime; _module_preset=\u00a0\u00bbdefault\u00a0\u00bb global_colors_info=\u00a0\u00bb{}\u00a0\u00bb][\/et_pb_column][\/et_pb_row][\/et_pb_section][et_pb_section fb_built=\u00a0\u00bb1&Prime; _builder_version=\u00a0\u00bb4.27.4&Prime; _module_preset=\u00a0\u00bbdefault\u00a0\u00bb global_colors_info=\u00a0\u00bb{}\u00a0\u00bb][et_pb_row column_structure=\u00a0\u00bb2_3,1_3&Prime; _builder_version=\u00a0\u00bb4.27.4&Prime; _module_preset=\u00a0\u00bbdefault\u00a0\u00bb global_colors_info=\u00a0\u00bb{}\u00a0\u00bb][et_pb_column type=\u00a0\u00bb2_3&Prime; _builder_version=\u00a0\u00bb4.27.4&Prime; _module_preset=\u00a0\u00bbdefault\u00a0\u00bb global_colors_info=\u00a0\u00bb{}\u00a0\u00bb][et_pb_text _builder_version=\u00a0\u00bb4.27.4&Prime; _module_preset=\u00a0\u00bbdefault\u00a0\u00bb global_colors_info=\u00a0\u00bb{}\u00a0\u00bb]<\/p>\n<h2 class=\"p1\">Consultez le r\u00e9f\u00e9rentiel de la formation en ergoth\u00e9rapie sur le site de France Comp\u00e9tences.<\/h2>\n<p>[\/et_pb_text][\/et_pb_column][et_pb_column type=\u00a0\u00bb1_3&Prime; _builder_version=\u00a0\u00bb4.27.4&Prime; _module_preset=\u00a0\u00bbdefault\u00a0\u00bb global_colors_info=\u00a0\u00bb{}\u00a0\u00bb][et_pb_button button_url=\u00a0\u00bbhttps:\/\/www.francecompetences.fr\/recherche\/rncp\/40047\/\u00a0\u00bb button_text=\u00a0\u00bbreferentiel\u00a0\u00bb button_alignment=\u00a0\u00bbcenter\u00a0\u00bb button_alignment_tablet=\u00a0\u00bbleft\u00a0\u00bb button_alignment_phone=\u00a0\u00bbleft\u00a0\u00bb button_alignment_last_edited=\u00a0\u00bbon|desktop\u00a0\u00bb _builder_version=\u00a0\u00bb4.27.4&Prime; _module_preset=\u00a0\u00bb8f978a21-72ed-4010-bdae-6f5739fff8e9&Prime; box_shadow_style=\u00a0\u00bbpreset6&Prime; locked=\u00a0\u00bboff\u00a0\u00bb global_colors_info=\u00a0\u00bb{}\u00a0\u00bb][\/et_pb_button][\/et_pb_column][\/et_pb_row][\/et_pb_section][et_pb_section fb_built=\u00a0\u00bb1&Prime; _builder_version=\u00a0\u00bb4.27.4&Prime; _module_preset=\u00a0\u00bbdefault\u00a0\u00bb global_colors_info=\u00a0\u00bb{}\u00a0\u00bb][et_pb_row column_structure=\u00a0\u00bb1_3,1_3,1_3&Prime; _builder_version=\u00a0\u00bb4.27.4&Prime; _module_preset=\u00a0\u00bbdefault\u00a0\u00bb min_height=\u00a0\u00bb448.8px\u00a0\u00bb global_colors_info=\u00a0\u00bb{}\u00a0\u00bb][et_pb_column type=\u00a0\u00bb1_3&Prime; _builder_version=\u00a0\u00bb4.27.4&Prime; _module_preset=\u00a0\u00bbdefault\u00a0\u00bb global_colors_info=\u00a0\u00bb{}\u00a0\u00bb][et_pb_pricing_tables show_bullet=\u00a0\u00bboff\u00a0\u00bb _builder_version=\u00a0\u00bb4.27.4&Prime; _module_preset=\u00a0\u00bbdefault\u00a0\u00bb global_colors_info=\u00a0\u00bb{}\u00a0\u00bb][et_pb_pricing_table featured=\u00a0\u00bbon\u00a0\u00bb title=\u00a0\u00bbTarifs de la formation \u00a0\u00bb subtitle=\u00a0\u00bbHors redoublement\u00a0\u00bb currency=\u00a0\u00bb\u20ac\u00a0\u00bb sum=\u00a0\u00bb18 450&Prime; _builder_version=\u00a0\u00bb4.27.4&Prime; _module_preset=\u00a0\u00bbdefault\u00a0\u00bb global_colors_info=\u00a0\u00bb{}\u00a0\u00bb sticky_transition=\u00a0\u00bbon\u00a0\u00bb]<\/p>\n<p><span>Ann\u00e9e 1 : 6 150 \u20ac<\/span><br \/><span>Ann\u00e9e 2 : 6 150 \u20ac<\/span><br \/><span>Ann\u00e9e 3 : 6 150<\/span><span>\u20ac<\/span><\/p>\n<p>[\/et_pb_pricing_table][\/et_pb_pricing_tables][\/et_pb_column][et_pb_column type=\u00a0\u00bb1_3&Prime; _builder_version=\u00a0\u00bb4.27.4&Prime; _module_preset=\u00a0\u00bbdefault\u00a0\u00bb global_colors_info=\u00a0\u00bb{}\u00a0\u00bb][et_pb_pricing_tables show_bullet=\u00a0\u00bboff\u00a0\u00bb _builder_version=\u00a0\u00bb4.27.4&Prime; _module_preset=\u00a0\u00bbdefault\u00a0\u00bb global_colors_info=\u00a0\u00bb{}\u00a0\u00bb][et_pb_pricing_table featured=\u00a0\u00bbon\u00a0\u00bb title=\u00a0\u00bbTarifs de la formation \u00a0\u00bb subtitle=\u00a0\u00bbPar apprentissage \u00a0\u00bb currency=\u00a0\u00bb\u20ac\u00a0\u00bb sum=\u00a0\u00bb12 300&Prime; _builder_version=\u00a0\u00bb4.27.4&Prime; _module_preset=\u00a0\u00bbdefault\u00a0\u00bb global_colors_info=\u00a0\u00bb{}\u00a0\u00bb sticky_transition=\u00a0\u00bbon\u00a0\u00bb]<\/p>\n<p><span>Ann\u00e9e 1 : 6 150 \u20ac<\/span><br \/><span>Ann\u00e9e 2 : 6 150 \u20ac<\/span><br \/><span>Ann\u00e9e 3 : 0<\/span><span>\u20ac<\/span><\/p>\n<p>[\/et_pb_pricing_table][\/et_pb_pricing_tables][\/et_pb_column][et_pb_column type=\u00a0\u00bb1_3&Prime; _builder_version=\u00a0\u00bb4.27.4&Prime; _module_preset=\u00a0\u00bbdefault\u00a0\u00bb global_colors_info=\u00a0\u00bb{}\u00a0\u00bb][et_pb_pricing_tables show_bullet=\u00a0\u00bboff\u00a0\u00bb _builder_version=\u00a0\u00bb4.27.4&Prime; _module_preset=\u00a0\u00bbdefault\u00a0\u00bb width=\u00a0\u00bb99.7%\u00a0\u00bb min_height=\u00a0\u00bb312.8px\u00a0\u00bb custom_margin=\u00a0\u00bb||-7px|||\u00a0\u00bb global_colors_info=\u00a0\u00bb{}\u00a0\u00bb][et_pb_pricing_table featured=\u00a0\u00bbon\u00a0\u00bb title=\u00a0\u00bbTarifs de la formation \u00a0\u00bb subtitle=\u00a0\u00bb(candidats en reprise d\u2019\u00e9tudes ou relevant des articles 12 ou 32)\u00a0\u00bb currency=\u00a0\u00bb\u20ac\u00a0\u00bb sum=\u00a0\u00bb25 500&Prime; _builder_version=\u00a0\u00bb4.27.4&Prime; _module_preset=\u00a0\u00bbdefault\u00a0\u00bb global_colors_info=\u00a0\u00bb{}\u00a0\u00bb sticky_transition=\u00a0\u00bbon\u00a0\u00bb]<\/p>\n<p><span>Ann\u00e9e 1 : 8 500 \u20ac<\/span><br \/><span>Ann\u00e9e 2 : 8 500 \u20ac<\/span><br \/><span>Ann\u00e9e 3 : 8 500<\/span><span>\u20ac<\/span><\/p>\n<p>[\/et_pb_pricing_table][\/et_pb_pricing_tables][\/et_pb_column][\/et_pb_row][\/et_pb_section][et_pb_section fb_built=\u00a0\u00bb1&Prime; admin_label=\u00a0\u00bbCall to Action\u00a0\u00bb _builder_version=\u00a0\u00bb4.27.4&Prime; _module_preset=\u00a0\u00bbdefault\u00a0\u00bb background_color=\u00a0\u00bb#000000&Prime; use_background_color_gradient=\u00a0\u00bbon\u00a0\u00bb background_color_gradient_direction=\u00a0\u00bb90deg\u00a0\u00bb background_color_gradient_stops=\u00a0\u00bbgcid-18a7d06a-1ed9-4e8b-bef0-ea365f6c384a 50%|#000000 50%\u00a0\u00bb custom_padding=\u00a0\u00bb0px||0px||true|false\u00a0\u00bb background_last_edited=\u00a0\u00bbon|desktop\u00a0\u00bb use_background_color_gradient_tablet=\u00a0\u00bboff\u00a0\u00bb locked=\u00a0\u00bboff\u00a0\u00bb collapsed=\u00a0\u00bbon\u00a0\u00bb global_colors_info=\u00a0\u00bb{}\u00a0\u00bb][et_pb_row column_structure=\u00a0\u00bb1_3,2_3&Prime; use_custom_gutter=\u00a0\u00bbon\u00a0\u00bb gutter_width=\u00a0\u00bb1&Prime; make_equal=\u00a0\u00bbon\u00a0\u00bb _builder_version=\u00a0\u00bb4.21.0&Prime; _module_preset=\u00a0\u00bbdefault\u00a0\u00bb custom_padding=\u00a0\u00bb0px||0px||true|false\u00a0\u00bb global_colors_info=\u00a0\u00bb{}\u00a0\u00bb][et_pb_column type=\u00a0\u00bb1_3&Prime; _builder_version=\u00a0\u00bb4.19.1&Prime; _module_preset=\u00a0\u00bbdefault\u00a0\u00bb global_colors_info=\u00a0\u00bb{}\u00a0\u00bb][et_pb_image src=\u00a0\u00bbhttps:\/\/ipmr-nevers.fr\/wp-content\/uploads\/2025\/05\/diplome-ergo-.jpg\u00a0\u00bb title_text=\u00a0\u00bbdiplom\u00e9 ergo\u00a0\u00bb _builder_version=\u00a0\u00bb4.27.4&Prime; _module_preset=\u00a0\u00bbdefault\u00a0\u00bb width=\u00a0\u00bb230.6%\u00a0\u00bb custom_margin=\u00a0\u00bb||70px|-30vw|false|false\u00a0\u00bb custom_margin_tablet=\u00a0\u00bb||30px|0vw|false|false\u00a0\u00bb custom_margin_phone=\u00a0\u00bb||30px|0vw|false|false\u00a0\u00bb custom_margin_last_edited=\u00a0\u00bbon|desktop\u00a0\u00bb border_radii=\u00a0\u00bboff|||30px|\u00a0\u00bb global_colors_info=\u00a0\u00bb{}\u00a0\u00bb][\/et_pb_image][\/et_pb_column][et_pb_column type=\u00a0\u00bb2_3&Prime; _builder_version=\u00a0\u00bb4.21.0&Prime; _module_preset=\u00a0\u00bbdefault\u00a0\u00bb background_color=\u00a0\u00bbgcid-18a7d06a-1ed9-4e8b-bef0-ea365f6c384a\u00a0\u00bb custom_padding=\u00a0\u00bb60px|60px|60px|60px|true|true\u00a0\u00bb custom_padding_tablet=\u00a0\u00bb30px|30px|30px|30px|true|true\u00a0\u00bb custom_padding_phone=\u00a0\u00bb20px|20px|20px|20px|true|true\u00a0\u00bb custom_padding_last_edited=\u00a0\u00bbon|tablet\u00a0\u00bb border_radii=\u00a0\u00bboff||30px||\u00a0\u00bb global_colors_info=\u00a0\u00bb{%22gcid-18a7d06a-1ed9-4e8b-bef0-ea365f6c384a%22:%91%22background_color%22%93}\u00a0\u00bb][et_pb_text _builder_version=\u00a0\u00bb4.21.0&Prime; _module_preset=\u00a0\u00bb5cad4097-c716-4f80-9dd6-5af75e66d084&Prime; global_colors_info=\u00a0\u00bb{}\u00a0\u00bb]<\/p>\n<p class=\"p1\"><span class=\"s1\"><\/span><\/p>\n<h3><b>Institut de Formation en Ergoth\u00e9rapie de Nevers (IFEN)<\/b><\/h3>\n<p>&nbsp;<\/p>\n<p>[\/et_pb_text][et_pb_text _builder_version=\u00a0\u00bb4.27.4&Prime; _module_preset=\u00a0\u00bbc903306f-430d-4693-ae9b-97c228d83fe6&Prime; custom_margin=\u00a0\u00bb||30px||false|false\u00a0\u00bb global_colors_info=\u00a0\u00bb{}\u00a0\u00bb]<\/p>\n<p class=\"p1\">Les \u00e9tudes sont dispens\u00e9es conform\u00e9ment \u00e0 l\u2019arr\u00eat\u00e9 du 5 juillet 2010 relatif au dipl\u00f4me d\u2019\u00c9tat d\u2019ergoth\u00e9rapeute.<\/p>\n<p class=\"p1\">En juillet 2020, la premi\u00e8re promotion est sortie dipl\u00f4m\u00e9e. Les \u00e9tudiants re\u00e7oivent \u00e0 l\u2019issue de leur formation :<span class=\"s1\"><\/span><\/p>\n<ul>\n<li>\n<p class=\"p1\"><span class=\"s1\">Le <\/span><b>dipl\u00f4me d\u2019\u00c9tat d\u2019ergoth\u00e9rapeute<\/b><b><\/b><\/p>\n<\/li>\n<li>\n<p class=\"p1\">Un <span class=\"s1\"><b>grade Licence<\/b><\/span> d\u00e9livr\u00e9 par l\u2019Universit\u00e9 de Bourgogne, partenaire de l\u2019IFEN dans le cadre d\u2019un conventionnement.<\/p>\n<\/li>\n<\/ul>\n<h4><b>Taux de r\u00e9ussite aux jurys finaux :<\/b><span class=\"s1\"><\/span><\/h4>\n<ul>\n<li>\n<p class=\"p1\"><span class=\"s1\"><b>2020<\/b><\/span> : 20 dipl\u00f4m\u00e9s \/ 23 pr\u00e9sent\u00e9s \u2014 <span class=\"s1\"><b>89,95 %<\/b><b><\/b><\/span><\/p>\n<\/li>\n<li>\n<p class=\"p1\"><span class=\"s1\"><b>2021<\/b><\/span> : 20 dipl\u00f4m\u00e9s \/ 26 pr\u00e9sent\u00e9s \u2014 <span class=\"s1\"><b>76,93 %<\/b><b><\/b><\/span><\/p>\n<\/li>\n<li>\n<p class=\"p1\"><span class=\"s1\"><b>2022<\/b><\/span> : 28 dipl\u00f4m\u00e9s \/ 32 pr\u00e9sent\u00e9s \u2014 <span class=\"s1\"><b>87,50 %<\/b><b><\/b><\/span><\/p>\n<\/li>\n<li>\n<p class=\"p1\"><span class=\"s1\"><b>2023<\/b><\/span> : 26 dipl\u00f4m\u00e9s \/ 31 pr\u00e9sent\u00e9s \u2014 <span class=\"s1\"><b>83,87 %<\/b><b><\/b><\/span><\/p>\n<\/li>\n<li>\n<p class=\"p1\"><span class=\"s1\"><b>2024<\/b><\/span> : 26 dipl\u00f4m\u00e9s \/ 29 pr\u00e9sent\u00e9s \u2014 <span class=\"s1\"><b>89,66 %<\/b><\/span><\/p>\n<\/li>\n<li><span class=\"s1\"><b>2025 :\u00a0<\/b>27 diplom\u00e9s\/29 pr\u00e9sent\u00e9s \u2014 <strong>93,10 %<\/strong><\/span><\/li>\n<\/ul>\n<p>&nbsp;<\/p>\n<p>[\/et_pb_text][\/et_pb_column][\/et_pb_row][\/et_pb_section][et_pb_section fb_built=\u00a0\u00bb1&Prime; admin_label=\u00a0\u00bbApply\u00a0\u00bb _builder_version=\u00a0\u00bb4.19.2&Prime; _module_preset=\u00a0\u00bbdefault\u00a0\u00bb collapsed=\u00a0\u00bbon\u00a0\u00bb global_colors_info=\u00a0\u00bb{}\u00a0\u00bb][et_pb_row _builder_version=\u00a0\u00bb4.19.2&Prime; _module_preset=\u00a0\u00bbdefault\u00a0\u00bb custom_margin=\u00a0\u00bb9px|auto||auto||\u00a0\u00bb global_colors_info=\u00a0\u00bb{}\u00a0\u00bb][et_pb_column type=\u00a0\u00bb4_4&Prime; _builder_version=\u00a0\u00bb4.19.2&Prime; _module_preset=\u00a0\u00bbdefault\u00a0\u00bb global_colors_info=\u00a0\u00bb{}\u00a0\u00bb][et_pb_text _builder_version=\u00a0\u00bb4.19.2&Prime; _module_preset=\u00a0\u00bb5cad4097-c716-4f80-9dd6-5af75e66d084&Prime; text_orientation=\u00a0\u00bbcenter\u00a0\u00bb text_orientation_tablet=\u00a0\u00bbleft\u00a0\u00bb text_orientation_phone=\u00a0\u00bbleft\u00a0\u00bb text_orientation_last_edited=\u00a0\u00bbon|tablet\u00a0\u00bb global_colors_info=\u00a0\u00bb{}\u00a0\u00bb]<\/p>\n<h2>Admissions<\/h2>\n<p>&nbsp;<\/p>\n<p>[\/et_pb_text][\/et_pb_column][\/et_pb_row][et_pb_row _builder_version=\u00a0\u00bb4.19.2&Prime; _module_preset=\u00a0\u00bbdefault\u00a0\u00bb custom_padding=\u00a0\u00bb||10px||false|false\u00a0\u00bb global_colors_info=\u00a0\u00bb{}\u00a0\u00bb][et_pb_column type=\u00a0\u00bb4_4&Prime; _builder_version=\u00a0\u00bb4.19.2&Prime; _module_preset=\u00a0\u00bbdefault\u00a0\u00bb global_colors_info=\u00a0\u00bb{}\u00a0\u00bb][et_pb_text _builder_version=\u00a0\u00bb4.27.4&Prime; _module_preset=\u00a0\u00bbd829e38c-3966-49ce-856a-20b9c1d53ef4&Prime; global_colors_info=\u00a0\u00bb{}\u00a0\u00bb]<\/p>\n<h4>Candidats droits commun\u00a0<\/h4>\n<p>[\/et_pb_text][\/et_pb_column][\/et_pb_row][et_pb_row column_structure=\u00a0\u00bb3_4,1_4&Prime; _builder_version=\u00a0\u00bb4.19.2&Prime; _module_preset=\u00a0\u00bbdefault\u00a0\u00bb custom_padding=\u00a0\u00bb0px||||false|false\u00a0\u00bb border_color_all=\u00a0\u00bb#000000&Prime; border_width_bottom=\u00a0\u00bb1px\u00a0\u00bb global_colors_info=\u00a0\u00bb{}\u00a0\u00bb][et_pb_column type=\u00a0\u00bb3_4&Prime; _builder_version=\u00a0\u00bb4.19.2&Prime; _module_preset=\u00a0\u00bbdefault\u00a0\u00bb global_colors_info=\u00a0\u00bb{}\u00a0\u00bb][et_pb_text _builder_version=\u00a0\u00bb4.19.2&Prime; _module_preset=\u00a0\u00bbc903306f-430d-4693-ae9b-97c228d83fe6&Prime; global_colors_info=\u00a0\u00bb{}\u00a0\u00bb]<\/p>\n<p class=\"p1\">Les candidats souhaitant int\u00e9grer l\u2019IFEN en formation initiale doivent obligatoirement s\u2019inscrire sur la plateforme <span class=\"s1\"><b>Parcoursup<\/b><\/span>, en respectant le calendrier national suivant :<span class=\"s2\"><\/span><\/p>\n<ul>\n<li>\n<p class=\"p1\"><span class=\"s1\"><b>Du 19 janvier 2026 au 12 mars 2026<\/b><\/span> : formulation des v\u0153ux sur Parcoursup<\/p>\n<\/li>\n<li>\n<p class=\"p1\"><span class=\"s1\"><b>Du 13 mars 2026 au 1er avril 2026<\/b><\/span> : finalisation du dossier et confirmation des v\u0153ux (paiement des frais de s\u00e9lection : <span class=\"s1\"><b>80 \u20ac<\/b><\/span>)<\/p>\n<\/li>\n<li>\n<p class=\"p1\"><span class=\"s1\"><b>Du 2 juin au 11 juillet 2026<\/b><\/span> : phase principale d\u2019admission<\/p>\n<\/li>\n<li>\n<p class=\"p1\"><span style=\"font-size: 16px;\">L\u2019admission se fait <\/span><span class=\"s1\" style=\"font-size: 16px;\"><b>sur dossier<\/b><\/span><span style=\"font-size: 16px;\">, conform\u00e9ment \u00e0 la r\u00e9glementation en vigueur.<\/span><\/p>\n<\/li>\n<\/ul>\n<p>[\/et_pb_text][\/et_pb_column][et_pb_column type=\u00a0\u00bb1_4&Prime; _builder_version=\u00a0\u00bb4.19.2&Prime; _module_preset=\u00a0\u00bbdefault\u00a0\u00bb global_colors_info=\u00a0\u00bb{}\u00a0\u00bb][\/et_pb_column][\/et_pb_row][et_pb_row _builder_version=\u00a0\u00bb4.19.2&Prime; _module_preset=\u00a0\u00bbdefault\u00a0\u00bb custom_padding=\u00a0\u00bb||10px||false|false\u00a0\u00bb global_colors_info=\u00a0\u00bb{}\u00a0\u00bb][et_pb_column type=\u00a0\u00bb4_4&Prime; _builder_version=\u00a0\u00bb4.19.2&Prime; _module_preset=\u00a0\u00bbdefault\u00a0\u00bb global_colors_info=\u00a0\u00bb{}\u00a0\u00bb][et_pb_text _builder_version=\u00a0\u00bb4.27.4&Prime; _module_preset=\u00a0\u00bbd829e38c-3966-49ce-856a-20b9c1d53ef4&Prime; global_colors_info=\u00a0\u00bb{}\u00a0\u00bb]<\/p>\n<h4 class=\"u-align-center u-text u-text-default u-text-5\"><span>CANDIDATS ARTICLE 12<br \/><\/span><\/h4>\n<p><span><\/span><\/p>\n<p>[\/et_pb_text][\/et_pb_column][\/et_pb_row][et_pb_row column_structure=\u00a0\u00bb3_4,1_4&Prime; _builder_version=\u00a0\u00bb4.19.2&Prime; _module_preset=\u00a0\u00bbdefault\u00a0\u00bb custom_padding=\u00a0\u00bb0px||||false|false\u00a0\u00bb border_color_all=\u00a0\u00bb#000000&Prime; border_width_bottom=\u00a0\u00bb1px\u00a0\u00bb global_colors_info=\u00a0\u00bb{}\u00a0\u00bb][et_pb_column type=\u00a0\u00bb3_4&Prime; _builder_version=\u00a0\u00bb4.19.2&Prime; _module_preset=\u00a0\u00bbdefault\u00a0\u00bb global_colors_info=\u00a0\u00bb{}\u00a0\u00bb][et_pb_text _builder_version=\u00a0\u00bb4.19.2&Prime; _module_preset=\u00a0\u00bbc903306f-430d-4693-ae9b-97c228d83fe6&Prime; global_colors_info=\u00a0\u00bb{}\u00a0\u00bb]<\/p>\n<p class=\"p1\">Peuvent candidater \u00e0 l\u2019entr\u00e9e en formation d\u2019ergoth\u00e9rapeute <span class=\"s1\"><b>au titre de la formation professionnelle continue<\/b><\/span> les personnes justifiant :<span class=\"s2\"><\/span><\/p>\n<ul>\n<li>\n<p class=\"p1\">d\u2019un <span class=\"s1\"><b>minimum de trois ann\u00e9es de cotisations<\/b><\/span> \u00e0 un r\u00e9gime de protection sociale,<\/p>\n<\/li>\n<li>\n<p class=\"p1\"><span class=\"s1\">\u00e0 la <\/span><b>date limite de d\u00e9p\u00f4t du dossier de candidature<\/b><span class=\"s1\">.<\/span><\/p>\n<\/li>\n<\/ul>\n<p class=\"p1\">L\u2019admission se fait <span class=\"s1\"><b>sur dossier<\/b><\/span>, \u00e0 transmettre <span class=\"s1\"><b>directement \u00e0 l\u2019\u00e9tablissement de formation<\/b><\/span> (hors Parcoursup).<\/p>\n<h4><b>Calendrier 2026 :<\/b><\/h4>\n<ul>\n<li>\n<p class=\"p1\"><span class=\"s1\"><b>Lundi 27 mars 2026<\/b><\/span> : date limite de r\u00e9ception des dossiers (cachet de La Poste faisant foi)<\/p>\n<\/li>\n<li>\n<p class=\"p1\"><span class=\"s1\"><b>Mercredi 29 avril 2026 \u00e0 11h00<\/b><\/span> : publication des r\u00e9sultats sur le site de l\u2019institut et affichage \u00e0 l\u2019accueil de l\u2019\u00e9tablissement. Les r\u00e9sultats seront \u00e9galement envoy\u00e9s par e-mail.<\/p>\n<\/li>\n<li>\n<p class=\"p1\"><span style=\"font-size: 16px;\">Pour plus d\u2019informations sur les pi\u00e8ces \u00e0 fournir, vous pouvez contacter notre secr\u00e9tariat ou t\u00e9l\u00e9charger le dossier de candidature en ligne.<\/span><\/p>\n<\/li>\n<\/ul>\n<p>[\/et_pb_text][\/et_pb_column][et_pb_column type=\u00a0\u00bb1_4&Prime; _builder_version=\u00a0\u00bb4.19.2&Prime; _module_preset=\u00a0\u00bbdefault\u00a0\u00bb global_colors_info=\u00a0\u00bb{}\u00a0\u00bb][et_pb_button button_url=\u00a0\u00bbhttps:\/\/ipmr-nevers.fr\/wp-content\/uploads\/2026\/01\/Dossier-dinscription-2026-IFEN-Article-32-Article-12.pdf\u00a0\u00bb button_text=\u00a0\u00bbDossier 2026&Prime; button_alignment=\u00a0\u00bbright\u00a0\u00bb button_alignment_tablet=\u00a0\u00bbleft\u00a0\u00bb button_alignment_phone=\u00a0\u00bbleft\u00a0\u00bb button_alignment_last_edited=\u00a0\u00bbon|desktop\u00a0\u00bb _builder_version=\u00a0\u00bb4.27.4&Prime; _module_preset=\u00a0\u00bbb31869ed-b8f3-40b3-b4f7-e8ef577fd460&Prime; box_shadow_style=\u00a0\u00bbpreset6&Prime; global_colors_info=\u00a0\u00bb{}\u00a0\u00bb][\/et_pb_button][\/et_pb_column][\/et_pb_row][et_pb_row _builder_version=\u00a0\u00bb4.19.2&Prime; _module_preset=\u00a0\u00bbdefault\u00a0\u00bb custom_padding=\u00a0\u00bb||10px||false|false\u00a0\u00bb global_colors_info=\u00a0\u00bb{}\u00a0\u00bb][et_pb_column type=\u00a0\u00bb4_4&Prime; _builder_version=\u00a0\u00bb4.19.2&Prime; _module_preset=\u00a0\u00bbdefault\u00a0\u00bb global_colors_info=\u00a0\u00bb{}\u00a0\u00bb][et_pb_text _builder_version=\u00a0\u00bb4.27.4&Prime; _module_preset=\u00a0\u00bbd829e38c-3966-49ce-856a-20b9c1d53ef4&Prime; global_colors_info=\u00a0\u00bb{}\u00a0\u00bb]<\/p>\n<h4 class=\"u-align-center u-text u-text-body-color u-text-default u-text-7\"><span>CANDIDATS ARTICLE 32<br \/><\/span><\/h4>\n<p>[\/et_pb_text][\/et_pb_column][\/et_pb_row][et_pb_row column_structure=\u00a0\u00bb3_4,1_4&Prime; _builder_version=\u00a0\u00bb4.19.2&Prime; _module_preset=\u00a0\u00bbdefault\u00a0\u00bb custom_padding=\u00a0\u00bb0px||||false|false\u00a0\u00bb border_color_all=\u00a0\u00bb#000000&Prime; border_width_bottom=\u00a0\u00bb1px\u00a0\u00bb global_colors_info=\u00a0\u00bb{}\u00a0\u00bb][et_pb_column type=\u00a0\u00bb3_4&Prime; _builder_version=\u00a0\u00bb4.19.2&Prime; _module_preset=\u00a0\u00bbdefault\u00a0\u00bb global_colors_info=\u00a0\u00bb{}\u00a0\u00bb][et_pb_text _builder_version=\u00a0\u00bb4.19.2&Prime; _module_preset=\u00a0\u00bbc903306f-430d-4693-ae9b-97c228d83fe6&Prime; global_colors_info=\u00a0\u00bb{}\u00a0\u00bb]<\/p>\n<p class=\"p1\">Peuvent se pr\u00e9senter aux \u00e9preuves d\u2019admission les candidats titulaires d\u2019un <span class=\"s1\"><b>dipl\u00f4me d\u2019ergoth\u00e9rapeute<\/b><\/span> ou d\u2019un <span class=\"s1\"><b>titre\/certificat \u00e9quivalent<\/b><\/span>, obtenu <span class=\"s1\"><b>en dehors de l\u2019Union europ\u00e9enne<\/b><\/span>, de l\u2019Espace \u00e9conomique europ\u00e9en, de la Principaut\u00e9 d\u2019Andorre ou de la Conf\u00e9d\u00e9ration suisse, et <span class=\"s1\"><b>permettant l\u2019exercice de la profession dans le pays d\u2019obtention<\/b><\/span>.<\/p>\n<p class=\"p1\"><span class=\"s2\">L\u2019admission se fait <\/span><b>hors Parcoursup<\/b><span class=\"s2\">, <\/span><b>sur dossier et \u00e9preuves de s\u00e9lection<\/b><span class=\"s2\">.<\/span><\/p>\n<p class=\"p3\"><b>Modalit\u00e9s de s\u00e9lection :<\/b><\/p>\n<p class=\"p1\">Les candidats doivent passer :<span class=\"s3\"><\/span><\/p>\n<ul>\n<li>\n<p class=\"p1\"><b>1 \u00e9preuve d\u2019admissibilit\u00e9<\/b><b><\/b><\/p>\n<\/li>\n<li>\n<p class=\"p1\"><b>2 \u00e9preuves d\u2019admission<\/b><\/p>\n<\/li>\n<\/ul>\n<p class=\"p1\">Pour \u00eatre admis, un <span class=\"s1\"><b>minimum de 30 points sur 60<\/b><\/span> est requis \u00e0 l\u2019ensemble des \u00e9preuves.<\/p>\n<h4><b>Calendrier 2026 :<\/b><\/h4>\n<ul>\n<li>\n<p class=\"p1\"><span class=\"s1\"><b>Lundi 27 mars 2026<\/b><\/span> : date limite de d\u00e9p\u00f4t du dossier (cachet de La Poste faisant foi)<\/p>\n<\/li>\n<li>\n<p class=\"p1\"><span class=\"s1\"><b>Semaine du 13 avril 2026<\/b><\/span> : \u00e9preuve d\u2019admissibilit\u00e9<\/p>\n<\/li>\n<li>\n<p class=\"p1\"><span class=\"s1\"><b>Semaine du 27 avril 2026<\/b><\/span> : \u00e9preuves d\u2019admission<\/p>\n<\/li>\n<li>\n<p class=\"p1\"><span class=\"s1\"><b>Mercredi 27 mai 2026 \u00e0 11h00<\/b><\/span> : publication des r\u00e9sultats sur le site de l\u2019institut et affichage \u00e0 l\u2019accueil. Les r\u00e9sultats seront \u00e9galement envoy\u00e9s par e-mail.<\/p>\n<\/li>\n<\/ul>\n<blockquote>\n<p>Le dossier est \u00e0 transmettre directement \u00e0 l\u2019IFEN. Pour plus de d\u00e9tails sur les \u00e9preuves et documents requis, merci de contacter le secr\u00e9tariat ou de consulter notre rubrique d\u00e9di\u00e9e.<\/p>\n<\/blockquote>\n<p>[\/et_pb_text][\/et_pb_column][et_pb_column type=\u00a0\u00bb1_4&Prime; _builder_version=\u00a0\u00bb4.19.2&Prime; _module_preset=\u00a0\u00bbdefault\u00a0\u00bb global_colors_info=\u00a0\u00bb{}\u00a0\u00bb][\/et_pb_column][\/et_pb_row][\/et_pb_section]<\/p>\n","protected":false},"excerpt":{"rendered":"<p>Ergoth\u00e9rapie\u00a0L\u2019Institut de Formation en Ergoth\u00e9rapie de Nevers (IFEN) a ouvert ses portes en septembre 2017. Il s\u2019agit de la premi\u00e8re formation mise en place par l\u2019Institut Param\u00e9dical des M\u00e9tiers de la R\u00e9\u00e9ducation (IPMR) de Nevers, marquant le d\u00e9but de notre engagement dans le d\u00e9veloppement d\u2019un p\u00f4le de formation param\u00e9dical d\u2019excellence.Consultez le r\u00e9f\u00e9rentiel de la formation [&hellip;]<\/p>\n","protected":false},"author":1,"featured_media":0,"parent":0,"menu_order":0,"comment_status":"closed","ping_status":"closed","template":"","meta":{"_et_pb_use_builder":"on","_et_pb_old_content":"","_et_gb_content_width":"","footnotes":""},"class_list":["post-834","page","type-page","status-publish","hentry"],"_links":{"self":[{"href":"https:\/\/ipmr-nevers.fr\/index.php?rest_route=\/wp\/v2\/pages\/834","targetHints":{"allow":["GET"]}}],"collection":[{"href":"https:\/\/ipmr-nevers.fr\/index.php?rest_route=\/wp\/v2\/pages"}],"about":[{"href":"https:\/\/ipmr-nevers.fr\/index.php?rest_route=\/wp\/v2\/types\/page"}],"author":[{"embeddable":true,"href":"https:\/\/ipmr-nevers.fr\/index.php?rest_route=\/wp\/v2\/users\/1"}],"replies":[{"embeddable":true,"href":"https:\/\/ipmr-nevers.fr\/index.php?rest_route=%2Fwp%2Fv2%2Fcomments&post=834"}],"version-history":[{"count":19,"href":"https:\/\/ipmr-nevers.fr\/index.php?rest_route=\/wp\/v2\/pages\/834\/revisions"}],"predecessor-version":[{"id":1162,"href":"https:\/\/ipmr-nevers.fr\/index.php?rest_route=\/wp\/v2\/pages\/834\/revisions\/1162"}],"wp:attachment":[{"href":"https:\/\/ipmr-nevers.fr\/index.php?rest_route=%2Fwp%2Fv2%2Fmedia&parent=834"}],"curies":[{"name":"wp","href":"https:\/\/api.w.org\/{rel}","templated":true}]}}